{"id":2245,"date":"2021-10-22T15:00:37","date_gmt":"2021-10-22T13:00:37","guid":{"rendered":"https:\/\/dialogbrhv.de\/?page_id=2245"},"modified":"2021-11-08T20:07:12","modified_gmt":"2021-11-08T19:07:12","slug":"mitglied-werden","status":"publish","type":"page","link":"https:\/\/dialogbrhv.de\/index.php\/mitglied-werden\/","title":{"rendered":"Mitglied werden"},"content":{"rendered":"\n<p>Wenn euch das, was wir machen, gef\u00e4llt k\u00f6nnt ihr gerne Mitglied werden.\u00a0<br \/>Unseren Mitgliedsantrag gibt es\u00a0<a href=\"https:\/\/dialogbrhv.de\/wp-content\/uploads\/2021\/11\/Mitgliedsantrag_2021_v.4.0.pdf\" data-wplink-url-error=\"true\">hier<\/a> zum Download. Ausf\u00fcllen und per Post oder E-Mail an uns zur\u00fcckschicken.<br \/>Oder\u00a0<a href=\"https:\/\/dialogbrhv.de\/index.php\/mitglied-werden\/mitgliedsantrag-online\/\">hier<\/a> online stellen.<br \/>Und hier noch die obligatorische Satzung :\u00a0<br \/><a href=\"https:\/\/dialogbrhv.de\/wp-content\/uploads\/2021\/10\/Vereins-Satzung-1.pdf\" class=\"pdfemb-viewer\" style=\"\" data-width=\"max\" data-height=\"max\"  data-toolbar=\"both\" data-toolbar-fixed=\"off\">Vereins-Satzung-1<br\/><\/a>\u00a0<\/p>\n","protected":false},"excerpt":{"rendered":"<p>Wenn euch das, was wir machen, gef\u00e4llt k\u00f6nnt ihr gerne Mitglied werden.\u00a0Unseren Mitgliedsantrag gibt es\u00a0hier zum Download. Ausf\u00fcllen und per<\/p>\n","protected":false},"author":1,"featured_media":0,"parent":0,"menu_order":0,"comment_status":"closed","ping_status":"closed","template":"template-fullwidth.php","meta":{"_coblocks_attr":"","_coblocks_dimensions":"","_coblocks_responsive_height":"","_coblocks_accordion_ie_support":"","inline_featured_image":false,"spay_email":""},"yoast_head":"<!-- This site is optimized with the Yoast SEO plugin v18.3 - https:\/\/yoast.com\/wordpress\/plugins\/seo\/ -->\n<title>Mitglied werden - Dialog - Verein f\u00fcr gleiche Rechte e.V.<\/title>\n<meta name=\"robots\" content=\"index, follow, max-snippet:-1, max-image-preview:large, max-video-preview:-1\" \/>\n<link rel=\"canonical\" href=\"https:\/\/dialogbrhv.de\/index.php\/mitglied-werden\/\" \/>\n<meta property=\"og:locale\" content=\"de_DE\" \/>\n<meta property=\"og:type\" content=\"article\" \/>\n<meta property=\"og:title\" content=\"Mitglied werden - Dialog - Verein f\u00fcr gleiche Rechte e.V.\" \/>\n<meta property=\"og:description\" content=\"Wenn euch das, was wir machen, gef\u00e4llt k\u00f6nnt ihr gerne Mitglied werden.\u00a0Unseren Mitgliedsantrag gibt es\u00a0hier zum Download. Ausf\u00fcllen und per\" \/>\n<meta property=\"og:url\" content=\"https:\/\/dialogbrhv.de\/index.php\/mitglied-werden\/\" \/>\n<meta property=\"og:site_name\" content=\"Dialog - Verein f\u00fcr gleiche Rechte e.V.\" \/>\n<meta property=\"article:modified_time\" content=\"2021-11-08T19:07:12+00:00\" \/>\n<meta name=\"twitter:card\" content=\"summary_large_image\" \/>\n<meta name=\"twitter:label1\" content=\"Gesch\u00e4tzte Lesezeit\" \/>\n\t<meta name=\"twitter:data1\" content=\"1 Minute\" \/>\n<script type=\"application\/ld+json\" class=\"yoast-schema-graph\">{\"@context\":\"https:\/\/schema.org\",\"@graph\":[{\"@type\":\"Organization\",\"@id\":\"http:\/\/dialogbrhv.de\/#organization\",\"name\":\"DIALOG - Verein f\u00fcr gleiche Rechte e.V.\",\"url\":\"http:\/\/dialogbrhv.de\/\",\"sameAs\":[],\"logo\":{\"@type\":\"ImageObject\",\"@id\":\"http:\/\/dialogbrhv.de\/#logo\",\"inLanguage\":\"de-DE\",\"url\":\"https:\/\/dialogbrhv.de\/wp-content\/uploads\/2019\/09\/dialog_logo_v3.0_text_ausrichtungen_grundvorlage_dialog_normal_textstil1_17cm_stern_globus.svg_.png\",\"contentUrl\":\"https:\/\/dialogbrhv.de\/wp-content\/uploads\/2019\/09\/dialog_logo_v3.0_text_ausrichtungen_grundvorlage_dialog_normal_textstil1_17cm_stern_globus.svg_.png\",\"width\":211,\"height\":214,\"caption\":\"DIALOG - Verein f\u00fcr gleiche Rechte e.V.\"},\"image\":{\"@id\":\"http:\/\/dialogbrhv.de\/#logo\"}},{\"@type\":\"WebSite\",\"@id\":\"http:\/\/dialogbrhv.de\/#website\",\"url\":\"http:\/\/dialogbrhv.de\/\",\"name\":\"Dialog - Verein f\u00fcr gleiche Rechte e.V.\",\"description\":\"\",\"publisher\":{\"@id\":\"http:\/\/dialogbrhv.de\/#organization\"},\"potentialAction\":[{\"@type\":\"SearchAction\",\"target\":{\"@type\":\"EntryPoint\",\"urlTemplate\":\"http:\/\/dialogbrhv.de\/?s={search_term_string}\"},\"query-input\":\"required name=search_term_string\"}],\"inLanguage\":\"de-DE\"},{\"@type\":\"WebPage\",\"@id\":\"https:\/\/dialogbrhv.de\/index.php\/mitglied-werden\/#webpage\",\"url\":\"https:\/\/dialogbrhv.de\/index.php\/mitglied-werden\/\",\"name\":\"Mitglied werden - Dialog - Verein f\u00fcr gleiche Rechte e.V.\",\"isPartOf\":{\"@id\":\"http:\/\/dialogbrhv.de\/#website\"},\"datePublished\":\"2021-10-22T13:00:37+00:00\",\"dateModified\":\"2021-11-08T19:07:12+00:00\",\"breadcrumb\":{\"@id\":\"https:\/\/dialogbrhv.de\/index.php\/mitglied-werden\/#breadcrumb\"},\"inLanguage\":\"de-DE\",\"potentialAction\":[{\"@type\":\"ReadAction\",\"target\":[\"https:\/\/dialogbrhv.de\/index.php\/mitglied-werden\/\"]}]},{\"@type\":\"BreadcrumbList\",\"@id\":\"https:\/\/dialogbrhv.de\/index.php\/mitglied-werden\/#breadcrumb\",\"itemListElement\":[{\"@type\":\"ListItem\",\"position\":1,\"name\":\"Startseite\",\"item\":\"http:\/\/dialogbrhv.de\/\"},{\"@type\":\"ListItem\",\"position\":2,\"name\":\"Mitglied werden\"}]}]}<\/script>\n<!-- \/ Yoast SEO plugin. -->","yoast_head_json":{"title":"Mitglied werden - Dialog - Verein f\u00fcr gleiche Rechte e.V.","robots":{"index":"index","follow":"follow","max-snippet":"max-snippet:-1","max-image-preview":"max-image-preview:large","max-video-preview":"max-video-preview:-1"},"canonical":"https:\/\/dialogbrhv.de\/index.php\/mitglied-werden\/","og_locale":"de_DE","og_type":"article","og_title":"Mitglied werden - Dialog - Verein f\u00fcr gleiche Rechte e.V.","og_description":"Wenn euch das, was wir machen, gef\u00e4llt k\u00f6nnt ihr gerne Mitglied werden.\u00a0Unseren Mitgliedsantrag gibt es\u00a0hier zum Download. Ausf\u00fcllen und per","og_url":"https:\/\/dialogbrhv.de\/index.php\/mitglied-werden\/","og_site_name":"Dialog - Verein f\u00fcr gleiche Rechte e.V.","article_modified_time":"2021-11-08T19:07:12+00:00","twitter_card":"summary_large_image","twitter_misc":{"Gesch\u00e4tzte Lesezeit":"1 Minute"},"schema":{"@context":"https:\/\/schema.org","@graph":[{"@type":"Organization","@id":"http:\/\/dialogbrhv.de\/#organization","name":"DIALOG - Verein f\u00fcr gleiche Rechte e.V.","url":"http:\/\/dialogbrhv.de\/","sameAs":[],"logo":{"@type":"ImageObject","@id":"http:\/\/dialogbrhv.de\/#logo","inLanguage":"de-DE","url":"https:\/\/dialogbrhv.de\/wp-content\/uploads\/2019\/09\/dialog_logo_v3.0_text_ausrichtungen_grundvorlage_dialog_normal_textstil1_17cm_stern_globus.svg_.png","contentUrl":"https:\/\/dialogbrhv.de\/wp-content\/uploads\/2019\/09\/dialog_logo_v3.0_text_ausrichtungen_grundvorlage_dialog_normal_textstil1_17cm_stern_globus.svg_.png","width":211,"height":214,"caption":"DIALOG - Verein f\u00fcr gleiche Rechte e.V."},"image":{"@id":"http:\/\/dialogbrhv.de\/#logo"}},{"@type":"WebSite","@id":"http:\/\/dialogbrhv.de\/#website","url":"http:\/\/dialogbrhv.de\/","name":"Dialog - Verein f\u00fcr gleiche Rechte e.V.","description":"","publisher":{"@id":"http:\/\/dialogbrhv.de\/#organization"},"potentialAction":[{"@type":"SearchAction","target":{"@type":"EntryPoint","urlTemplate":"http:\/\/dialogbrhv.de\/?s={search_term_string}"},"query-input":"required name=search_term_string"}],"inLanguage":"de-DE"},{"@type":"WebPage","@id":"https:\/\/dialogbrhv.de\/index.php\/mitglied-werden\/#webpage","url":"https:\/\/dialogbrhv.de\/index.php\/mitglied-werden\/","name":"Mitglied werden - Dialog - Verein f\u00fcr gleiche Rechte e.V.","isPartOf":{"@id":"http:\/\/dialogbrhv.de\/#website"},"datePublished":"2021-10-22T13:00:37+00:00","dateModified":"2021-11-08T19:07:12+00:00","breadcrumb":{"@id":"https:\/\/dialogbrhv.de\/index.php\/mitglied-werden\/#breadcrumb"},"inLanguage":"de-DE","potentialAction":[{"@type":"ReadAction","target":["https:\/\/dialogbrhv.de\/index.php\/mitglied-werden\/"]}]},{"@type":"BreadcrumbList","@id":"https:\/\/dialogbrhv.de\/index.php\/mitglied-werden\/#breadcrumb","itemListElement":[{"@type":"ListItem","position":1,"name":"Startseite","item":"http:\/\/dialogbrhv.de\/"},{"@type":"ListItem","position":2,"name":"Mitglied werden"}]}]}},"_links":{"self":[{"href":"https:\/\/dialogbrhv.de\/index.php\/wp-json\/wp\/v2\/pages\/2245"}],"collection":[{"href":"https:\/\/dialogbrhv.de\/index.php\/wp-json\/wp\/v2\/pages"}],"about":[{"href":"https:\/\/dialogbrhv.de\/index.php\/wp-json\/wp\/v2\/types\/page"}],"author":[{"embeddable":true,"href":"https:\/\/dialogbrhv.de\/index.php\/wp-json\/wp\/v2\/users\/1"}],"replies":[{"embeddable":true,"href":"https:\/\/dialogbrhv.de\/index.php\/wp-json\/wp\/v2\/comments?post=2245"}],"version-history":[{"count":10,"href":"https:\/\/dialogbrhv.de\/index.php\/wp-json\/wp\/v2\/pages\/2245\/revisions"}],"predecessor-version":[{"id":2392,"href":"https:\/\/dialogbrhv.de\/index.php\/wp-json\/wp\/v2\/pages\/2245\/revisions\/2392"}],"wp:attachment":[{"href":"https:\/\/dialogbrhv.de\/index.php\/wp-json\/wp\/v2\/media?parent=2245"}],"curies":[{"name":"wp","href":"https:\/\/api.w.org\/{rel}","templated":true}]}}